{"id":1614,"date":"2024-03-01T12:42:21","date_gmt":"2024-03-01T11:42:21","guid":{"rendered":"https:\/\/www.gaussconsulting.hu\/?page_id=1614"},"modified":"2024-03-01T12:50:28","modified_gmt":"2024-03-01T11:50:28","slug":"elementor-1614","status":"publish","type":"page","link":"https:\/\/www.gaussconsulting.hu\/?page_id=1614&lang=en","title":{"rendered":"Contact"},"content":{"rendered":"\t\t<div data-elementor-type=\"wp-page\" data-elementor-id=\"1614\" class=\"elementor elementor-1614\">\n\t\t\t\t<div class=\"elementor-element elementor-element-4c18642 e-flex e-con-boxed e-con e-parent\" data-id=\"4c18642\" data-element_type=\"container\">\n\t\t\t\t\t<div class=\"e-con-inner\">\n\t\t\t\t<div class=\"elementor-element elementor-element-03fc8fd elementor-widget elementor-widget-heading\" data-id=\"03fc8fd\" data-element_type=\"widget\" data-widget_type=\"heading.default\">\n\t\t\t\t<div class=\"elementor-widget-container\">\n\t\t\t\t\t<h2 class=\"elementor-heading-title elementor-size-default\">Contact<\/h2>\t\t\t\t<\/div>\n\t\t\t\t<\/div>\n\t\t\t\t<div class=\"elementor-element elementor-element-8f567f6 elementor-widget elementor-widget-text-editor\" data-id=\"8f567f6\" data-element_type=\"widget\" data-widget_type=\"text-editor.default\">\n\t\t\t\t<div class=\"elementor-widget-container\">\n\t\t\t\t\t\t\t\t\t<h3 style=\"text-align: center;\"><span style=\"color: #000000;\">Full name of company:<strong> TELLUS INVICTUS Ltd.<\/strong><\/span><\/h3>\n<h3 style=\"text-align: center;\"><span style=\"color: #000000;\">Centre: 8360 Keszthely R\u00e1k\u00f3czi T\u00e9r 20.<\/span><\/h3>\n<h3 style=\"text-align: center;\"><span style=\"color: #000000;\">Registration number: 20-09-072324<\/span><\/h3>\n<h3 style=\"text-align: center;\"><span style=\"color: #000000;\">Tax number: 23781326-2-20<\/span><\/h3>\n<h3 style=\"text-align: center;\"><span style=\"color: #000000;\">VAT identification number: HU23781326<\/span><\/h3>\n<h3 style=\"text-align: center;\"><span style=\"color: #000000;\">Bank account number: OTP Bank 11749039-20092294-00000000<\/span><\/h3>\n<h3 style=\"text-align: center;\"><span style=\"color: #000000;\">E-mail: <a style=\"color: #000000;\" href=\"mailto:info@tellusinvictus.hu\">info@tellusinvictus.hu<\/a><\/span><\/h3>\t\t\t\t\t\t\t\t<\/div>\n\t\t\t\t<\/div>\n\t\t\t\t\t<\/div>\n\t\t\t\t<\/div>\n\t\t<div class=\"elementor-element elementor-element-964628d e-grid e-con-boxed e-con e-parent\" data-id=\"964628d\" data-element_type=\"container\">\n\t\t\t\t\t<div class=\"e-con-inner\">\n\t\t\t\t<div class=\"elementor-element elementor-element-6c6cff9 elementor-widget elementor-widget-text-editor\" data-id=\"6c6cff9\" data-element_type=\"widget\" data-widget_type=\"text-editor.default\">\n\t\t\t\t<div class=\"elementor-widget-container\">\n\t\t\t\t\t\t\t\t\t<h3>\u00a0<\/h3>\n<h3 style=\"text-align: center;\"><span style=\"color: #333333;\"><strong>Horv\u00e1th S\u00e1ndorn\u00e9<\/strong><\/span><\/h3>\n<h3 style=\"text-align: center;\"><span style=\"color: #333333;\"><small>Chief executive officer<\/small><\/span><\/h3>\n<h3 style=\"text-align: center;\"><span style=\"color: #333333;\">Tel: 06 83 \/ 510-311<\/span><\/h3>\n<h3 style=\"text-align: center;\"><span style=\"color: #333333;\">E-mail:<u><a style=\"color: #333333;\" href=\"mailto:horvathsandorne@tellusinvictus.hu\">horvathsandorne@tellusinvictus.hu<\/a><\/u><\/span><\/h3>\t\t\t\t\t\t\t\t<\/div>\n\t\t\t\t<\/div>\n\t\t\t\t<div class=\"elementor-element elementor-element-3aa4591 elementor-widget elementor-widget-text-editor\" data-id=\"3aa4591\" data-element_type=\"widget\" data-widget_type=\"text-editor.default\">\n\t\t\t\t<div class=\"elementor-widget-container\">\n\t\t\t\t\t\t\t\t\t<h3>\u00a0<\/h3>\n<h3 style=\"text-align: center;\"><span style=\"color: #333333;\"><strong>Horv\u00e1th S\u00e1ndor<\/strong><\/span><\/h3>\n<h3 style=\"text-align: center;\"><span style=\"color: #333333;\"><small>Chief marketing officer<\/small><\/span><\/h3>\n<h3 style=\"text-align: center;\"><span style=\"color: #333333;\">Tel: 06 20 \/ 926-5621<\/span><\/h3>\n<h3 style=\"text-align: center;\"><span style=\"color: #333333;\">E-mail: <a style=\"color: #333333;\" href=\"mailto:horvathsandor@tellusinvictus.hu\">horvathsandor@tellusinvictus.hu<\/a><\/span><\/h3>\t\t\t\t\t\t\t\t<\/div>\n\t\t\t\t<\/div>\n\t\t\t\t<div class=\"elementor-element elementor-element-1468fef elementor-widget elementor-widget-text-editor\" data-id=\"1468fef\" data-element_type=\"widget\" data-widget_type=\"text-editor.default\">\n\t\t\t\t<div class=\"elementor-widget-container\">\n\t\t\t\t\t\t\t\t\t<h3 style=\"text-align: center;\"><span style=\"color: #333333;\"><strong>Mihucz L\u00f3r\u00e1nd<\/strong><\/span><\/h3><h3 style=\"text-align: center;\"><span style=\"color: #333333;\">Project manager<\/span><\/h3><h3 style=\"text-align: center;\"><span style=\"color: #333333;\">Tel: 06 30 \/ 724-8629<\/span><\/h3><h3 style=\"text-align: center;\"><span style=\"color: #333333;\">E-mail: <a href=\"mailto:mihucz.lorand@tellusinvictus.hu\"><span style=\"color: #333333;\">mihucz.lorand@tellusinvictus.hu<\/span><\/a><\/span><\/h3>\t\t\t\t\t\t\t\t<\/div>\n\t\t\t\t<\/div>\n\t\t\t\t<div class=\"elementor-element elementor-element-ec70ab2 elementor-widget elementor-widget-text-editor\" data-id=\"ec70ab2\" data-element_type=\"widget\" data-widget_type=\"text-editor.default\">\n\t\t\t\t<div class=\"elementor-widget-container\">\n\t\t\t\t\t\t\t\t\t<h3 style=\"text-align: center;\"><span style=\"color: #333333;\"><strong>G\u00e1sp\u00e1r Zolt\u00e1n<\/strong><\/span><\/h3><h3 style=\"text-align: center;\"><span style=\"color: #333333;\">Procurement referent <br \/><\/span><\/h3><h3 style=\"text-align: center;\"><span style=\"color: #333333;\">Tel: 06 83 \/ 510-311<\/span><\/h3><h3 style=\"text-align: center;\"><span style=\"color: #333333;\">E-mail: <\/span><a href=\"mailto:gaspar.zoltan@tellusinvictus.hu\"><span style=\"color: #333333;\">gaspar.zoltan@tellusinvictus.hu<\/span><\/a><\/h3>\t\t\t\t\t\t\t\t<\/div>\n\t\t\t\t<\/div>\n\t\t\t\t\t<\/div>\n\t\t\t\t<\/div>\n\t\t<div class=\"elementor-element elementor-element-b48070a e-flex e-con-boxed e-con e-parent\" data-id=\"b48070a\" data-element_type=\"container\">\n\t\t\t\t\t<div class=\"e-con-inner\">\n\t\t\t\t<div class=\"elementor-element elementor-element-83cf258 elementor-widget elementor-widget-text-editor\" data-id=\"83cf258\" data-element_type=\"widget\" data-widget_type=\"text-editor.default\">\n\t\t\t\t<div class=\"elementor-widget-container\">\n\t\t\t\t\t\t\t\t\t<h3 style=\"text-align: center;\"><span style=\"color: #333333;\"><strong>Vasas Krist\u00f3f<br \/><\/strong><\/span><\/h3><h3 style=\"text-align: center;\"><span style=\"color: #333333;\">Project manager<\/span><\/h3><h3 style=\"text-align: center;\"><span style=\"color: #333333;\">vasas.kristof<\/span><a href=\"mailto:vasas.kristof@tellusinvictus.hu\"><span style=\"color: #333333;\">@tellusinvictus.hu<\/span><\/a><\/h3>\t\t\t\t\t\t\t\t<\/div>\n\t\t\t\t<\/div>\n\t\t\t\t<div class=\"elementor-element elementor-element-e3f8d2e elementor-widget elementor-widget-google_maps\" data-id=\"e3f8d2e\" data-element_type=\"widget\" data-widget_type=\"google_maps.default\">\n\t\t\t\t<div class=\"elementor-widget-container\">\n\t\t\t\t\t\t\t<div class=\"elementor-custom-embed\">\n\t\t\t<iframe loading=\"lazy\"\n\t\t\t\t\tsrc=\"https:\/\/maps.google.com\/maps?q=Keszthely%20R%C3%A1k%C3%B3czi%20t%C3%A1r%2020.&#038;t=m&#038;z=14&#038;output=embed&#038;iwloc=near\"\n\t\t\t\t\ttitle=\"Keszthely R\u00e1k\u00f3czi t\u00e1r 20.\"\n\t\t\t\t\taria-label=\"Keszthely R\u00e1k\u00f3czi t\u00e1r 20.\"\n\t\t\t><\/iframe>\n\t\t<\/div>\n\t\t\t\t\t\t<\/div>\n\t\t\t\t<\/div>\n\t\t\t\t\t<\/div>\n\t\t\t\t<\/div>\n\t\t<div class=\"elementor-element elementor-element-c050eae e-flex e-con-boxed e-con e-parent\" data-id=\"c050eae\" data-element_type=\"container\">\n\t\t\t\t\t<div class=\"e-con-inner\">\n\t\t\t\t<div class=\"elementor-element elementor-element-3362772 elementor-widget elementor-widget-text-editor\" data-id=\"3362772\" data-element_type=\"widget\" data-widget_type=\"text-editor.default\">\n\t\t\t\t<div class=\"elementor-widget-container\">\n\t\t\t\t\t\t\t\t\t<h3>\u00a0<\/h3><h3 style=\"text-align: center;\"><span style=\"color: #000000;\"><strong>Rom\u00e1nia<\/strong><\/span><\/h3><h3 style=\"text-align: center;\"><span style=\"color: #000000;\">Full name of company:<strong> \u00a0TELLUS Consortium &amp; Investment SRL.<\/strong><\/span><\/h3><h3 style=\"text-align: center;\"><span style=\"color: #000000;\">Centre: Sf\u00e2ntu Gheorghe, strada Presei nr.4<\/span><\/h3><h3 style=\"text-align: center;\"><span style=\"color: #000000;\">E-mail: <\/span><a href=\"mailto:info@tellusinvictus.ro\"><span style=\"color: #000000;\">info@tellusinvictus.ro<\/span><\/a><\/h3><h3 style=\"text-align: center;\">\u00a0<\/h3><h3 style=\"text-align: center;\"><span style=\"color: #000000;\"><strong>De\u00e1k Gy\u00f6ngyv\u00e9r<\/strong><\/span><\/h3><h3 style=\"text-align: center;\"><span style=\"color: #000000;\">Chief executive officer<\/span><\/h3><h3 style=\"text-align: center;\"><span style=\"color: #000000;\">Tel: +40 724 119\u00a0258<\/span><\/h3><h3 style=\"text-align: center;\"><span style=\"color: #000000;\">E-mail: <\/span><a href=\"mailto:deakgyongyver@tellusinvictus.ro\"><span style=\"color: #000000;\">deakgyongyver@tellusinvictus.ro<\/span><\/a><\/h3><p>\u00a0<\/p>\t\t\t\t\t\t\t\t<\/div>\n\t\t\t\t<\/div>\n\t\t\t\t\t<\/div>\n\t\t\t\t<\/div>\n\t\t<div class=\"elementor-element elementor-element-601ba34 e-flex e-con-boxed e-con e-parent\" data-id=\"601ba34\" data-element_type=\"container\">\n\t\t\t\t\t<div class=\"e-con-inner\">\n\t\t\t\t<div class=\"elementor-element elementor-element-3d8112f elementor-widget elementor-widget-google_maps\" data-id=\"3d8112f\" data-element_type=\"widget\" data-widget_type=\"google_maps.default\">\n\t\t\t\t<div class=\"elementor-widget-container\">\n\t\t\t\t\t\t\t<div class=\"elementor-custom-embed\">\n\t\t\t<iframe loading=\"lazy\"\n\t\t\t\t\tsrc=\"https:\/\/maps.google.com\/maps?q=Sf%C3%A2ntu%20Gheorghe%2C%20strada%20Presei%20nr.4&#038;t=m&#038;z=14&#038;output=embed&#038;iwloc=near\"\n\t\t\t\t\ttitle=\"Sf\u00e2ntu Gheorghe, strada Presei nr.4\"\n\t\t\t\t\taria-label=\"Sf\u00e2ntu Gheorghe, strada Presei nr.4\"\n\t\t\t><\/iframe>\n\t\t<\/div>\n\t\t\t\t\t\t<\/div>\n\t\t\t\t<\/div>\n\t\t\t\t\t<\/div>\n\t\t\t\t<\/div>\n\t\t\t\t<\/div>\n\t\t","protected":false},"excerpt":{"rendered":"<p>Contact Full name of company: TELLUS INVICTUS Ltd. Centre: 8360 Keszthely R\u00e1k\u00f3czi T\u00e9r 20. Registration number: 20-09-072324 Tax number: 23781326-2-20 VAT identification number: HU23781326 Bank account number: OTP Bank 11749039-20092294-00000000 E-mail: info@tellusinvictus.hu \u00a0 Horv\u00e1th S\u00e1ndorn\u00e9 Chief executive officer Tel: 06 83 \/ 510-311 E-mail:horvathsandorne@tellusinvictus.hu \u00a0 Horv\u00e1th S\u00e1ndor Chief marketing officer Tel: 06 20 \/ 926-5621 [&hellip;]<\/p>\n","protected":false},"author":1,"featured_media":0,"parent":0,"menu_order":0,"comment_status":"closed","ping_status":"closed","template":"elementor_header_footer","meta":{"_et_pb_use_builder":"","_et_pb_old_content":"","_et_gb_content_width":"","footnotes":""},"_links":{"self":[{"href":"https:\/\/www.gaussconsulting.hu\/index.php?rest_route=\/wp\/v2\/pages\/1614"}],"collection":[{"href":"https:\/\/www.gaussconsulting.hu\/index.php?rest_route=\/wp\/v2\/pages"}],"about":[{"href":"https:\/\/www.gaussconsulting.hu\/index.php?rest_route=\/wp\/v2\/types\/page"}],"author":[{"embeddable":true,"href":"https:\/\/www.gaussconsulting.hu\/index.php?rest_route=\/wp\/v2\/users\/1"}],"replies":[{"embeddable":true,"href":"https:\/\/www.gaussconsulting.hu\/index.php?rest_route=%2Fwp%2Fv2%2Fcomments&post=1614"}],"version-history":[{"count":5,"href":"https:\/\/www.gaussconsulting.hu\/index.php?rest_route=\/wp\/v2\/pages\/1614\/revisions"}],"predecessor-version":[{"id":1619,"href":"https:\/\/www.gaussconsulting.hu\/index.php?rest_route=\/wp\/v2\/pages\/1614\/revisions\/1619"}],"wp:attachment":[{"href":"https:\/\/www.gaussconsulting.hu\/index.php?rest_route=%2Fwp%2Fv2%2Fmedia&parent=1614"}],"curies":[{"name":"wp","href":"https:\/\/api.w.org\/{rel}","templated":true}]}}