{"id":2775,"date":"2024-04-25T08:40:54","date_gmt":"2024-04-25T07:40:54","guid":{"rendered":"https:\/\/www.gaussconsulting.hu\/?page_id=2775"},"modified":"2024-04-30T07:52:54","modified_gmt":"2024-04-30T06:52:54","slug":"elementor-2775","status":"publish","type":"page","link":"https:\/\/www.gaussconsulting.hu\/?page_id=2775&lang=en","title":{"rendered":"Home"},"content":{"rendered":"\t\t<div data-elementor-type=\"wp-page\" data-elementor-id=\"2775\" class=\"elementor elementor-2775\">\n\t\t\t\t<div class=\"elementor-element elementor-element-01a5578 e-con-full e-flex e-con e-parent\" data-id=\"01a5578\" data-element_type=\"container\" data-settings=\"{&quot;animation&quot;:&quot;none&quot;,&quot;background_background&quot;:&quot;classic&quot;}\">\n\t\t\t\t<div class=\"elementor-element elementor-element-b42131d elementor-widget__width-initial animated-slow elementor-invisible elementor-widget elementor-widget-text-editor\" data-id=\"b42131d\" data-element_type=\"widget\" data-settings=\"{&quot;_animation&quot;:&quot;fadeInUp&quot;}\" data-widget_type=\"text-editor.default\">\n\t\t\t\t<div class=\"elementor-widget-container\">\n\t\t\t\t\t\t\t\t\t<h2 style=\"text-align: center;\"><span style=\"color: #333333;\"><strong>The Tellus Invictus Ltd. was founded in 2011.\u00a0<\/strong> <\/span><\/h2><p style=\"text-align: center;\"><span style=\"color: #333333;\">Our company&#8217;s activities include:<\/span><\/p><p style=\"text-align: center;\"><span style=\"color: #333333;\">&#8211; Designing waste yards.<\/span><\/p><p style=\"text-align: center;\"><span style=\"color: #333333;\">&#8211; Solid waste management: sales and manufacturing of transport and loading equipment, waste conveyor belt systems, waste sorting plants (manual and optical), storage and rolling containers, compactors, plastic waste storage containers, composting bins.<\/span><\/p><p style=\"text-align: center;\"><span style=\"color: #333333;\">\u00a0&#8211; Demolition and excavation works.<\/span><\/p><p style=\"text-align: center;\"><span style=\"color: #333333;\">&#8211; Concrete waste storage systems.<\/span><\/p><p style=\"text-align: center;\"><span style=\"color: #333333;\"><strong>Through thorough market research and leveraging the business relationships established in recent years, our company owners aim to work efficiently in the above-mentioned areas, adapting to the challenges of the economic situation.<\/strong><\/span><\/p>\t\t\t\t\t\t\t\t<\/div>\n\t\t\t\t<\/div>\n\t\t\t\t<div class=\"elementor-element elementor-element-a7b894c animated-slow elementor-widget elementor-widget-image-carousel\" data-id=\"a7b894c\" data-element_type=\"widget\" data-settings=\"{&quot;slides_to_show&quot;:&quot;5&quot;,&quot;slides_to_scroll&quot;:&quot;1&quot;,&quot;navigation&quot;:&quot;none&quot;,&quot;_animation&quot;:&quot;none&quot;,&quot;pause_on_interaction&quot;:&quot;no&quot;,&quot;autoplay_speed&quot;:500,&quot;speed&quot;:1000,&quot;autoplay&quot;:&quot;yes&quot;,&quot;pause_on_hover&quot;:&quot;yes&quot;,&quot;infinite&quot;:&quot;yes&quot;}\" data-widget_type=\"image-carousel.default\">\n\t\t\t\t<div class=\"elementor-widget-container\">\n\t\t\t\t\t\t\t<div class=\"elementor-image-carousel-wrapper swiper\" role=\"region\" aria-roledescription=\"carousel\" aria-label=\"K\u00e9p k\u00f6rhinta\" dir=\"ltr\">\n\t\t\t<div class=\"elementor-image-carousel swiper-wrapper\" aria-live=\"off\">\n\t\t\t\t\t\t\t\t<div class=\"swiper-slide\" role=\"group\" aria-roledescription=\"slide\" aria-label=\"1 \/ 14\"><figure class=\"swiper-slide-inner\"><img decoding=\"async\" class=\"swiper-slide-image\" src=\"https:\/\/www.gaussconsulting.hu\/wp-content\/uploads\/elementor\/thumbs\/Kubio_Flora-viragagyassal-e1709806779500-qkuuknkbujkx6pd4by3tzblf03n8eq3fv8wfybjp90.jpg\" alt=\"Okos hullad\u00e9k t\u00e1rol\u00f3 rendszerek\" \/><figcaption class=\"elementor-image-carousel-caption\">Okos hullad\u00e9k t\u00e1rol\u00f3 rendszerek<\/figcaption><\/figure><\/div><div class=\"swiper-slide\" role=\"group\" aria-roledescription=\"slide\" aria-label=\"2 \/ 14\"><figure class=\"swiper-slide-inner\"><img decoding=\"async\" class=\"swiper-slide-image\" src=\"https:\/\/www.gaussconsulting.hu\/wp-content\/uploads\/elementor\/thumbs\/uvegfold-qkwfs22lh6qy6dysv4vtwn011d3ytfs6ccfy8y1spg.jpg\" alt=\"K\u00f6rnyezettudatoss\u00e1g\" \/><figcaption class=\"elementor-image-carousel-caption\">K\u00f6rnyezettudatoss\u00e1g<\/figcaption><\/figure><\/div><div class=\"swiper-slide\" role=\"group\" aria-roledescription=\"slide\" aria-label=\"3 \/ 14\"><figure class=\"swiper-slide-inner\"><img decoding=\"async\" class=\"swiper-slide-image\" src=\"https:\/\/www.gaussconsulting.hu\/wp-content\/uploads\/elementor\/thumbs\/cropped-logoxcf-qgbgsla8lbx635fhxwsrfp5sgt6jmjuarftex4kwic.png\" alt=\"Tellus Invictus Ltd3\" \/><figcaption class=\"elementor-image-carousel-caption\">Tellus Invictus Ltd3<\/figcaption><\/figure><\/div><div class=\"swiper-slide\" role=\"group\" aria-roledescription=\"slide\" aria-label=\"4 \/ 14\"><figure class=\"swiper-slide-inner\"><img decoding=\"async\" class=\"swiper-slide-image\" src=\"https:\/\/www.gaussconsulting.hu\/wp-content\/uploads\/elementor\/thumbs\/ujra-qkwfrwfkc6j88q6zs2g2hof9h1vrj95sbkj1daa5qs.jpg\" alt=\"\u00dajrahasznos\u00edt\u00e1s\" \/><figcaption class=\"elementor-image-carousel-caption\">\u00dajrahasznos\u00edt\u00e1s<\/figcaption><\/figure><\/div><div class=\"swiper-slide\" role=\"group\" aria-roledescription=\"slide\" aria-label=\"5 \/ 14\"><figure class=\"swiper-slide-inner\"><img decoding=\"async\" class=\"swiper-slide-image\" src=\"https:\/\/www.gaussconsulting.hu\/wp-content\/uploads\/elementor\/thumbs\/c_kukak-1-qkuvixqf40iempkf59kzf65mz0o65b708xgz2mpsb8.png\" alt=\"Lakoss\u00e1gi hullad\u00e9kt\u00e1rol\u00f3k\" \/><figcaption class=\"elementor-image-carousel-caption\">Lakoss\u00e1gi hullad\u00e9kt\u00e1rol\u00f3k<\/figcaption><\/figure><\/div><div class=\"swiper-slide\" role=\"group\" aria-roledescription=\"slide\" aria-label=\"6 \/ 14\"><figure class=\"swiper-slide-inner\"><img decoding=\"async\" class=\"swiper-slide-image\" src=\"https:\/\/www.gaussconsulting.hu\/wp-content\/uploads\/elementor\/thumbs\/kubioXXLszembol-e1709806812575-qkuulil042rdtu42atiirlrmltecgqikzifgsg9pjo.jpg\" alt=\"Okos hullad\u00e9k t\u00e1rol\u00f3 rendszer\" \/><figcaption class=\"elementor-image-carousel-caption\">Okos hullad\u00e9k t\u00e1rol\u00f3 rendszer<\/figcaption><\/figure><\/div><div class=\"swiper-slide\" role=\"group\" aria-roledescription=\"slide\" aria-label=\"7 \/ 14\"><figure class=\"swiper-slide-inner\"><img decoding=\"async\" class=\"swiper-slide-image\" src=\"https:\/\/www.gaussconsulting.hu\/wp-content\/uploads\/elementor\/thumbs\/fem-1100-qkuugpmp6k6mhl3acqr60tetax2t4ffyzqe4hje5ck.png\" alt=\"F\u00e9m 1100 literes kont\u00e9ner\" \/><figcaption class=\"elementor-image-carousel-caption\">F\u00e9m 1100 literes kont\u00e9ner<\/figcaption><\/figure><\/div><div class=\"swiper-slide\" role=\"group\" aria-roledescription=\"slide\" aria-label=\"8 \/ 14\"><figure class=\"swiper-slide-inner\"><img decoding=\"async\" class=\"swiper-slide-image\" src=\"https:\/\/www.gaussconsulting.hu\/wp-content\/uploads\/elementor\/thumbs\/60803-qkrl3dknd80op6mjcbhbl2cxkb7rxx5ne9m1vcc7mc.png\" alt=\"60 literes m\u00fcanyag hullad\u00e9kt\u00e1rol\u00f3\" \/><figcaption class=\"elementor-image-carousel-caption\">60 literes m\u00fcanyag hullad\u00e9kt\u00e1rol\u00f3<\/figcaption><\/figure><\/div><div class=\"swiper-slide\" role=\"group\" aria-roledescription=\"slide\" aria-label=\"9 \/ 14\"><figure class=\"swiper-slide-inner\"><img decoding=\"async\" class=\"swiper-slide-image\" src=\"https:\/\/www.gaussconsulting.hu\/wp-content\/uploads\/elementor\/thumbs\/6601100-qkrnaeu40q7mwttmtzd0qmd7pnnu5px59gctjx5ifo.png\" alt=\"660-770 literes m\u0171anyag hullad\u00e9kt\u00e1rol\u00f3kner\" \/><figcaption class=\"elementor-image-carousel-caption\">660-770 literes m\u0171anyag hullad\u00e9kt\u00e1rol\u00f3kner<\/figcaption><\/figure><\/div><div class=\"swiper-slide\" role=\"group\" aria-roledescription=\"slide\" aria-label=\"10 \/ 14\"><figure class=\"swiper-slide-inner\"><img decoding=\"async\" class=\"swiper-slide-image\" src=\"https:\/\/www.gaussconsulting.hu\/wp-content\/uploads\/elementor\/thumbs\/cappplast_dinnyetarto-qkuva334r6e7awf9txugfwkdleaqnx2014bddtu8wk.jpg\" alt=\"mez\u00f6gazdas\u00e1gi rekeszek\" \/><figcaption class=\"elementor-image-carousel-caption\">mez\u00f6gazdas\u00e1gi rekeszek<\/figcaption><\/figure><\/div><div class=\"swiper-slide\" role=\"group\" aria-roledescription=\"slide\" aria-label=\"11 \/ 14\"><figure class=\"swiper-slide-inner\"><img decoding=\"async\" class=\"swiper-slide-image\" src=\"https:\/\/www.gaussconsulting.hu\/wp-content\/uploads\/elementor\/thumbs\/KOmposztalo-qkuugy38w2i7e2qzzcet599yndx41pdk0w9ht11lsk.png\" alt=\"Komposzt\u00e1l\u00f3k\" \/><figcaption class=\"elementor-image-carousel-caption\">Komposzt\u00e1l\u00f3k<\/figcaption><\/figure><\/div><div class=\"swiper-slide\" role=\"group\" aria-roledescription=\"slide\" aria-label=\"12 \/ 14\"><figure class=\"swiper-slide-inner\"><img decoding=\"async\" class=\"swiper-slide-image\" src=\"https:\/\/www.gaussconsulting.hu\/wp-content\/uploads\/elementor\/thumbs\/Fem-fokd-feletti-e1709807149575-qkuuubcm38t0ifbxx4fslvtyso11iqg4j2a3ip81as.png\" alt=\"F\u00f6ld feletti hullad\u00e9kt\u00e1rol\u00f3k\" \/><figcaption class=\"elementor-image-carousel-caption\">F\u00f6ld feletti hullad\u00e9kt\u00e1rol\u00f3k<\/figcaption><\/figure><\/div><div class=\"swiper-slide\" role=\"group\" aria-roledescription=\"slide\" aria-label=\"13 \/ 14\"><figure class=\"swiper-slide-inner\"><img decoding=\"async\" class=\"swiper-slide-image\" src=\"https:\/\/www.gaussconsulting.hu\/wp-content\/uploads\/elementor\/thumbs\/Fem-120-e1709807856306-qkuvcrwib42qiqin4lp12q4us31joqqcqfidtbup3o.png\" alt=\"120-240 literes f\u00e9m hullad\u00e9kt\u00e1rol\u00f3k\" \/><figcaption class=\"elementor-image-carousel-caption\">120-240 literes f\u00e9m hullad\u00e9kt\u00e1rol\u00f3k<\/figcaption><\/figure><\/div><div class=\"swiper-slide\" role=\"group\" aria-roledescription=\"slide\" aria-label=\"14 \/ 14\"><figure class=\"swiper-slide-inner\"><img decoding=\"async\" class=\"swiper-slide-image\" src=\"https:\/\/www.gaussconsulting.hu\/wp-content\/uploads\/elementor\/thumbs\/kubioXXL2-qkutpl0dxp1peqhvrilsk5uw3ksfywquxgkmv1m6xg.jpg\" alt=\"Okos hullad\u00e9kt\u00e1rol\u00f3 rendszerek\" \/><figcaption class=\"elementor-image-carousel-caption\">Okos hullad\u00e9kt\u00e1rol\u00f3 rendszerek<\/figcaption><\/figure><\/div>\t\t\t<\/div>\n\t\t\t\t\t\t\t\n\t\t\t\t\t\t\t\t\t<\/div>\n\t\t\t\t\t\t<\/div>\n\t\t\t\t<\/div>\n\t\t\t\t<\/div>\n\t\t\t\t<\/div>\n\t\t","protected":false},"excerpt":{"rendered":"<p>The Tellus Invictus Ltd. was founded in 2011.\u00a0 Our company&#8217;s activities include: &#8211; Designing waste yards. &#8211; Solid waste management: sales and manufacturing of transport and loading equipment, waste conveyor belt systems, waste sorting plants (manual and optical), storage and rolling containers, compactors, plastic waste storage containers, composting bins. \u00a0&#8211; Demolition and excavation works. &#8211; [&hellip;]<\/p>\n","protected":false},"author":1,"featured_media":0,"parent":0,"menu_order":0,"comment_status":"closed","ping_status":"closed","template":"elementor_header_footer","meta":{"_et_pb_use_builder":"","_et_pb_old_content":"","_et_gb_content_width":"","footnotes":""},"_links":{"self":[{"href":"https:\/\/www.gaussconsulting.hu\/index.php?rest_route=\/wp\/v2\/pages\/2775"}],"collection":[{"href":"https:\/\/www.gaussconsulting.hu\/index.php?rest_route=\/wp\/v2\/pages"}],"about":[{"href":"https:\/\/www.gaussconsulting.hu\/index.php?rest_route=\/wp\/v2\/types\/page"}],"author":[{"embeddable":true,"href":"https:\/\/www.gaussconsulting.hu\/index.php?rest_route=\/wp\/v2\/users\/1"}],"replies":[{"embeddable":true,"href":"https:\/\/www.gaussconsulting.hu\/index.php?rest_route=%2Fwp%2Fv2%2Fcomments&post=2775"}],"version-history":[{"count":14,"href":"https:\/\/www.gaussconsulting.hu\/index.php?rest_route=\/wp\/v2\/pages\/2775\/revisions"}],"predecessor-version":[{"id":2795,"href":"https:\/\/www.gaussconsulting.hu\/index.php?rest_route=\/wp\/v2\/pages\/2775\/revisions\/2795"}],"wp:attachment":[{"href":"https:\/\/www.gaussconsulting.hu\/index.php?rest_route=%2Fwp%2Fv2%2Fmedia&parent=2775"}],"curies":[{"name":"wp","href":"https:\/\/api.w.org\/{rel}","templated":true}]}}